{"id":11,"date":"2016-09-05T15:14:26","date_gmt":"2016-09-05T15:14:26","guid":{"rendered":"http:\/\/sisustusmainio.com\/?page_id=11"},"modified":"2018-03-11T11:41:54","modified_gmt":"2018-03-11T11:41:54","slug":"asennuspalvelu","status":"publish","type":"page","link":"http:\/\/asennusmainio.fi\/","title":{"rendered":"Palvelut"},"content":{"rendered":"<p>Ammattitaitoinen asennuspalvelumme auttaa Teit\u00e4 kaikissa kodin remonttiin liittyviss\u00e4 asioissa.<\/p>\n<p>Teemme mm. lattial\u00e4mmitykset, vesieristeet, laatoitukset, lattioiden asennukset, mattoty\u00f6t ja paljon muuta.<\/p>\n<p>Lis\u00e4ksi m\u00e4rk\u00e4tilavalvonnat ja asbesitkartoitukset.<\/p>\n<p>Pesuhuone- ja saunaremontit teemme sopimuksen mukaan joko urakka- tai tuntity\u00f6n\u00e4.<\/p>\n<p>Ota yhteytt\u00e4 ja kysy ilmainen urakkalaskelma remontistanne.<\/p>\n<p>Muista my\u00f6s <a href=\"http:\/\/www.kotitalousvahennys.fi\/\" target=\"_blank\" rel=\"noopener\">kotitalousv\u00e4hennys<\/a>.<\/p>\n","protected":false},"excerpt":{"rendered":"<p>Ammattitaitoinen asennuspalvelumme auttaa Teit\u00e4 kaikissa kodin remonttiin liittyviss\u00e4 asioissa. Teemme mm. lattial\u00e4mmitykset, vesieristeet, laatoitukset, lattioiden asennukset, mattoty\u00f6t ja paljon muuta. Lis\u00e4ksi m\u00e4rk\u00e4tilavalvonnat ja asbesitkartoitukset. Pesuhuone- ja saunaremontit teemme sopimuksen mukaan joko urakka- tai tuntity\u00f6n\u00e4. Ota yhteytt\u00e4 ja kysy ilmainen urakkalaskelma remontistanne. Muista my\u00f6s kotitalousv\u00e4hennys.<\/p>\n","protected":false},"author":1,"featured_media":0,"parent":0,"menu_order":0,"comment_status":"closed","ping_status":"closed","template":"","meta":{"_monsterinsights_skip_tracking":false,"_monsterinsights_sitenote_active":false,"_monsterinsights_sitenote_note":"","_monsterinsights_sitenote_category":0,"footnotes":""},"class_list":["post-11","page","type-page","status-publish","hentry"],"yoast_head":"<!-- This site is optimized with the Yoast SEO plugin v25.6 - https:\/\/yoast.com\/wordpress\/plugins\/seo\/ -->\n<title>Palvelut - Asennus Mainio Oy<\/title>\n<meta name=\"robots\" content=\"index, follow, max-snippet:-1, max-image-preview:large, max-video-preview:-1\" \/>\n<link rel=\"canonical\" href=\"https:\/\/asennusmainio.fi\/\" \/>\n<meta property=\"og:locale\" content=\"fi_FI\" \/>\n<meta property=\"og:type\" content=\"article\" \/>\n<meta property=\"og:title\" content=\"Palvelut - Asennus Mainio Oy\" \/>\n<meta property=\"og:description\" content=\"Ammattitaitoinen asennuspalvelumme auttaa Teit\u00e4 kaikissa kodin remonttiin liittyviss\u00e4 asioissa. Teemme mm. lattial\u00e4mmitykset, vesieristeet, laatoitukset, lattioiden asennukset, mattoty\u00f6t ja paljon muuta. Lis\u00e4ksi m\u00e4rk\u00e4tilavalvonnat ja asbesitkartoitukset. Pesuhuone- ja saunaremontit teemme sopimuksen mukaan joko urakka- tai tuntity\u00f6n\u00e4. Ota yhteytt\u00e4 ja kysy ilmainen urakkalaskelma remontistanne. Muista my\u00f6s kotitalousv\u00e4hennys.\" \/>\n<meta property=\"og:url\" content=\"https:\/\/asennusmainio.fi\/\" \/>\n<meta property=\"og:site_name\" content=\"Asennus Mainio Oy\" \/>\n<meta property=\"article:modified_time\" content=\"2018-03-11T11:41:54+00:00\" \/>\n<meta name=\"twitter:card\" content=\"summary_large_image\" \/>\n<script type=\"application\/ld+json\" class=\"yoast-schema-graph\">{\"@context\":\"https:\/\/schema.org\",\"@graph\":[{\"@type\":\"WebPage\",\"@id\":\"https:\/\/asennusmainio.fi\/\",\"url\":\"https:\/\/asennusmainio.fi\/\",\"name\":\"Palvelut - Asennus Mainio Oy\",\"isPartOf\":{\"@id\":\"https:\/\/asennusmainio.fi\/#website\"},\"datePublished\":\"2016-09-05T15:14:26+00:00\",\"dateModified\":\"2018-03-11T11:41:54+00:00\",\"breadcrumb\":{\"@id\":\"https:\/\/asennusmainio.fi\/#breadcrumb\"},\"inLanguage\":\"fi\",\"potentialAction\":[{\"@type\":\"ReadAction\",\"target\":[\"https:\/\/asennusmainio.fi\/\"]}]},{\"@type\":\"BreadcrumbList\",\"@id\":\"https:\/\/asennusmainio.fi\/#breadcrumb\",\"itemListElement\":[{\"@type\":\"ListItem\",\"position\":1,\"name\":\"Etusivu\",\"item\":\"https:\/\/asennusmainio.fi\/\"},{\"@type\":\"ListItem\",\"position\":2,\"name\":\"Palvelut\"}]},{\"@type\":\"WebSite\",\"@id\":\"https:\/\/asennusmainio.fi\/#website\",\"url\":\"https:\/\/asennusmainio.fi\/\",\"name\":\"Asennus Mainio Oy\",\"description\":\"Rakennusalan konsultoinnit ja palvelut\",\"potentialAction\":[{\"@type\":\"SearchAction\",\"target\":{\"@type\":\"EntryPoint\",\"urlTemplate\":\"https:\/\/asennusmainio.fi\/?s={search_term_string}\"},\"query-input\":{\"@type\":\"PropertyValueSpecification\",\"valueRequired\":true,\"valueName\":\"search_term_string\"}}],\"inLanguage\":\"fi\"}]}<\/script>\n<!-- \/ Yoast SEO plugin. -->","yoast_head_json":{"title":"Palvelut - Asennus Mainio Oy","robots":{"index":"index","follow":"follow","max-snippet":"max-snippet:-1","max-image-preview":"max-image-preview:large","max-video-preview":"max-video-preview:-1"},"canonical":"https:\/\/asennusmainio.fi\/","og_locale":"fi_FI","og_type":"article","og_title":"Palvelut - Asennus Mainio Oy","og_description":"Ammattitaitoinen asennuspalvelumme auttaa Teit\u00e4 kaikissa kodin remonttiin liittyviss\u00e4 asioissa. Teemme mm. lattial\u00e4mmitykset, vesieristeet, laatoitukset, lattioiden asennukset, mattoty\u00f6t ja paljon muuta. Lis\u00e4ksi m\u00e4rk\u00e4tilavalvonnat ja asbesitkartoitukset. Pesuhuone- ja saunaremontit teemme sopimuksen mukaan joko urakka- tai tuntity\u00f6n\u00e4. Ota yhteytt\u00e4 ja kysy ilmainen urakkalaskelma remontistanne. Muista my\u00f6s kotitalousv\u00e4hennys.","og_url":"https:\/\/asennusmainio.fi\/","og_site_name":"Asennus Mainio Oy","article_modified_time":"2018-03-11T11:41:54+00:00","twitter_card":"summary_large_image","schema":{"@context":"https:\/\/schema.org","@graph":[{"@type":"WebPage","@id":"https:\/\/asennusmainio.fi\/","url":"https:\/\/asennusmainio.fi\/","name":"Palvelut - Asennus Mainio Oy","isPartOf":{"@id":"https:\/\/asennusmainio.fi\/#website"},"datePublished":"2016-09-05T15:14:26+00:00","dateModified":"2018-03-11T11:41:54+00:00","breadcrumb":{"@id":"https:\/\/asennusmainio.fi\/#breadcrumb"},"inLanguage":"fi","potentialAction":[{"@type":"ReadAction","target":["https:\/\/asennusmainio.fi\/"]}]},{"@type":"BreadcrumbList","@id":"https:\/\/asennusmainio.fi\/#breadcrumb","itemListElement":[{"@type":"ListItem","position":1,"name":"Etusivu","item":"https:\/\/asennusmainio.fi\/"},{"@type":"ListItem","position":2,"name":"Palvelut"}]},{"@type":"WebSite","@id":"https:\/\/asennusmainio.fi\/#website","url":"https:\/\/asennusmainio.fi\/","name":"Asennus Mainio Oy","description":"Rakennusalan konsultoinnit ja palvelut","potentialAction":[{"@type":"SearchAction","target":{"@type":"EntryPoint","urlTemplate":"https:\/\/asennusmainio.fi\/?s={search_term_string}"},"query-input":{"@type":"PropertyValueSpecification","valueRequired":true,"valueName":"search_term_string"}}],"inLanguage":"fi"}]}},"_links":{"self":[{"href":"http:\/\/asennusmainio.fi\/index.php\/wp-json\/wp\/v2\/pages\/11","targetHints":{"allow":["GET"]}}],"collection":[{"href":"http:\/\/asennusmainio.fi\/index.php\/wp-json\/wp\/v2\/pages"}],"about":[{"href":"http:\/\/asennusmainio.fi\/index.php\/wp-json\/wp\/v2\/types\/page"}],"author":[{"embeddable":true,"href":"http:\/\/asennusmainio.fi\/index.php\/wp-json\/wp\/v2\/users\/1"}],"replies":[{"embeddable":true,"href":"http:\/\/asennusmainio.fi\/index.php\/wp-json\/wp\/v2\/comments?post=11"}],"version-history":[{"count":5,"href":"http:\/\/asennusmainio.fi\/index.php\/wp-json\/wp\/v2\/pages\/11\/revisions"}],"predecessor-version":[{"id":294,"href":"http:\/\/asennusmainio.fi\/index.php\/wp-json\/wp\/v2\/pages\/11\/revisions\/294"}],"wp:attachment":[{"href":"http:\/\/asennusmainio.fi\/index.php\/wp-json\/wp\/v2\/media?parent=11"}],"curies":[{"name":"wp","href":"https:\/\/api.w.org\/{rel}","templated":true}]}}